{"id":3,"date":"2022-12-19T16:57:36","date_gmt":"2022-12-19T16:57:36","guid":{"rendered":"https:\/\/gemeindepsychiatrie.info\/?page_id=3"},"modified":"2022-12-27T14:34:28","modified_gmt":"2022-12-27T14:34:28","slug":"privacy-policy","status":"publish","type":"page","link":"https:\/\/gemeindepsychiatrie.info\/?page_id=3","title":{"rendered":"Datenschutzerkl\u00e4rung"},"content":{"rendered":"\n<h1 class=\"wp-block-heading\"><\/h1>\n\n\n\n<p>Stand: 23. Dezember 2022<\/p>\n\n\n\n<h2 class=\"wp-block-heading\">Inhalts\u00fcbersicht<\/h2>\n\n\n\n<ul>\n<li><a href=\"#m3\">Verantwortlicher<\/a><\/li>\n\n\n\n<li><a href=\"#mOverview\">\u00dcbersicht der Verarbeitungen<\/a><\/li>\n\n\n\n<li><a href=\"#m13\">Ma\u00dfgebliche Rechtsgrundlagen<\/a><\/li>\n\n\n\n<li><a href=\"#m27\">Sicherheitsma\u00dfnahmen<\/a><\/li>\n\n\n\n<li><a href=\"#m12\">L\u00f6schung von Daten<\/a><\/li>\n\n\n\n<li><a href=\"#m225\">Bereitstellung des Onlineangebotes und Webhosting<\/a><\/li>\n\n\n\n<li><a href=\"#m104\">Blogs und Publikationsmedien<\/a><\/li>\n\n\n\n<li><a href=\"#m182\">Kontakt- und Anfragenverwaltung<\/a><\/li>\n\n\n\n<li><a href=\"#m328\">Plugins und eingebettete Funktionen sowie Inhalte<\/a><\/li>\n\n\n\n<li><a href=\"#m42\">Begriffsdefinitionen<\/a><\/li>\n<\/ul>\n\n\n\n<h2 class=\"wp-block-heading\" id=\"m3\">Verantwortlicher<\/h2>\n\n\n\n<p>Ilja Ruhl<br>Bielefelder Str. 20<br>10709 Berlin<br><a href=\"mailto:ilja.ruhl@gemeindepsychiatrie.info\">ilja.ruhl@gemeindepsychiatrie.info<\/a> Telefon:<\/p>\n\n\n\n<p>030 21 99 60 16<\/p>\n\n\n\n<h2 class=\"wp-block-heading\" id=\"mOverview\">\u00dcbersicht der Verarbeitungen<\/h2>\n\n\n\n<p>Die nachfolgende \u00dcbersicht fasst die Arten der verarbeiteten Daten und die Zwecke ihrer Verarbeitung zusammen und verweist auf die betroffenen Personen.<\/p>\n\n\n\n<h3 class=\"wp-block-heading\">Arten der verarbeiteten Daten<\/h3>\n\n\n\n<ul>\n<li>Bestandsdaten.<\/li>\n\n\n\n<li>Kontaktdaten.<\/li>\n\n\n\n<li>Inhaltsdaten.<\/li>\n\n\n\n<li>Nutzungsdaten.<\/li>\n\n\n\n<li>Meta-\/Kommunikationsdaten.<\/li>\n<\/ul>\n\n\n\n<h3 class=\"wp-block-heading\">Kategorien betroffener Personen<\/h3>\n\n\n\n<ul>\n<li>Kommunikationspartner.<\/li>\n\n\n\n<li>Nutzer.<\/li>\n<\/ul>\n\n\n\n<h3 class=\"wp-block-heading\">Zwecke der Verarbeitung<\/h3>\n\n\n\n<ul>\n<li>Erbringung vertraglicher Leistungen und Kundenservice.<\/li>\n\n\n\n<li>Kontaktanfragen und Kommunikation.<\/li>\n\n\n\n<li>Sicherheitsma\u00dfnahmen.<\/li>\n\n\n\n<li>Verwaltung und Beantwortung von Anfragen.<\/li>\n\n\n\n<li>Feedback.<\/li>\n\n\n\n<li>Bereitstellung unseres Onlineangebotes und Nutzerfreundlichkeit.<\/li>\n\n\n\n<li>Informationstechnische Infrastruktur.<\/li>\n<\/ul>\n\n\n\n<h3 class=\"wp-block-heading\" id=\"m13\">Ma\u00dfgebliche Rechtsgrundlagen<\/h3>\n\n\n\n<p>Im Folgenden erhalten Sie eine \u00dcbersicht der Rechtsgrundlagen der DSGVO, auf deren Basis wir personenbezogene Daten verarbeiten. Bitte nehmen Sie zur Kenntnis, dass neben den Regelungen der DSGVO nationale Datenschutzvorgaben in Ihrem bzw. unserem Wohn- oder Sitzland gelten k\u00f6nnen. Sollten ferner im Einzelfall speziellere Rechtsgrundlagen ma\u00dfgeblich sein, teilen wir Ihnen diese in der Datenschutzerkl\u00e4rung mit.<\/p>\n\n\n\n<ul>\n<li><strong>Vertragserf\u00fcllung und vorvertragliche Anfragen (Art. 6 Abs. 1 S. 1 lit. b) DSGVO)<\/strong> &#8211; Die Verarbeitung ist f\u00fcr die Erf\u00fcllung eines Vertrags, dessen Vertragspartei die betroffene Person ist, oder zur Durchf\u00fchrung vorvertraglicher Ma\u00dfnahmen erforderlich, die auf Anfrage der betroffenen Person erfolgen.<\/li>\n\n\n\n<li><strong>Berechtigte Interessen (Art. 6 Abs. 1 S. 1 lit. f) DSGVO)<\/strong> &#8211; Die Verarbeitung ist zur Wahrung der berechtigten Interessen des Verantwortlichen oder eines Dritten erforderlich, sofern nicht die Interessen oder Grundrechte und Grundfreiheiten der betroffenen Person, die den Schutz personenbezogener Daten erfordern, \u00fcberwiegen.<\/li>\n<\/ul>\n\n\n\n<p>Zus\u00e4tzlich zu den Datenschutzregelungen der Datenschutz-Grundverordnung gelten nationale Regelungen zum Datenschutz in Deutschland. Hierzu geh\u00f6rt insbesondere das Gesetz zum Schutz vor Missbrauch personenbezogener Daten bei der Datenverarbeitung (Bundesdatenschutzgesetz \u2013 BDSG). Das BDSG enth\u00e4lt insbesondere Spezialregelungen zum Recht auf Auskunft, zum Recht auf L\u00f6schung, zum Widerspruchsrecht, zur Verarbeitung besonderer Kategorien personenbezogener Daten, zur Verarbeitung f\u00fcr andere Zwecke und zur \u00dcbermittlung sowie automatisierten Entscheidungsfindung im Einzelfall einschlie\u00dflich Profiling. Des Weiteren regelt es die Datenverarbeitung f\u00fcr Zwecke des Besch\u00e4ftigungsverh\u00e4ltnisses (\u00a7 26 BDSG), insbesondere im Hinblick auf die Begr\u00fcndung, Durchf\u00fchrung oder Beendigung von Besch\u00e4ftigungsverh\u00e4ltnissen sowie die Einwilligung von Besch\u00e4ftigten. Ferner k\u00f6nnen Landesdatenschutzgesetze der einzelnen Bundesl\u00e4nder zur Anwendung gelangen.<\/p>\n\n\n\n<h2 class=\"wp-block-heading\" id=\"m27\">Sicherheitsma\u00dfnahmen<\/h2>\n\n\n\n<p>Wir treffen nach Ma\u00dfgabe der gesetzlichen Vorgaben unter Ber\u00fccksichtigung des Stands der Technik, der Implementierungskosten und der Art, des Umfangs, der Umst\u00e4nde und der Zwecke der Verarbeitung sowie der unterschiedlichen Eintrittswahrscheinlichkeiten und des Ausma\u00dfes der Bedrohung der Rechte und Freiheiten nat\u00fcrlicher Personen geeignete technische und organisatorische Ma\u00dfnahmen, um ein dem Risiko angemessenes Schutzniveau zu gew\u00e4hrleisten.<\/p>\n\n\n\n<p>Zu den Ma\u00dfnahmen geh\u00f6ren insbesondere die Sicherung der Vertraulichkeit, Integrit\u00e4t und Verf\u00fcgbarkeit von Daten durch Kontrolle des physischen und elektronischen Zugangs zu den Daten als auch des sie betreffenden Zugriffs, der Eingabe, der Weitergabe, der Sicherung der Verf\u00fcgbarkeit und ihrer Trennung. Des Weiteren haben wir Verfahren eingerichtet, die eine Wahrnehmung von Betroffenenrechten, die L\u00f6schung von Daten und Reaktionen auf die Gef\u00e4hrdung der Daten gew\u00e4hrleisten. Ferner ber\u00fccksichtigen wir den Schutz personenbezogener Daten bereits bei der Entwicklung bzw. Auswahl von Hardware, Software sowie Verfahren entsprechend dem Prinzip des Datenschutzes, durch Technikgestaltung und durch datenschutzfreundliche Voreinstellungen.<\/p>\n\n\n\n<p>TLS-Verschl\u00fcsselung (https): Um Ihre via unserem Online-Angebot \u00fcbermittelten Daten zu sch\u00fctzen, nutzen wir eine TLS-Verschl\u00fcsselung. Sie erkennen derart verschl\u00fcsselte Verbindungen an dem Pr\u00e4fix https:\/\/ in der Adresszeile Ihres Browsers.<\/p>\n\n\n\n<h2 class=\"wp-block-heading\" id=\"m12\">L\u00f6schung von Daten<\/h2>\n\n\n\n<p>Die von uns verarbeiteten Daten werden nach Ma\u00dfgabe der gesetzlichen Vorgaben gel\u00f6scht, sobald deren zur Verarbeitung erlaubten Einwilligungen widerrufen werden oder sonstige Erlaubnisse entfallen (z.B. wenn der Zweck der Verarbeitung dieser Daten entfallen ist oder sie f\u00fcr den Zweck nicht erforderlich sind). Sofern die Daten nicht gel\u00f6scht werden, weil sie f\u00fcr andere und gesetzlich zul\u00e4ssige Zwecke erforderlich sind, wird deren Verarbeitung auf diese Zwecke beschr\u00e4nkt. D.h., die Daten werden gesperrt und nicht f\u00fcr andere Zwecke verarbeitet. Das gilt z.B. f\u00fcr Daten, die aus handels- oder steuerrechtlichen Gr\u00fcnden aufbewahrt werden m\u00fcssen oder deren Speicherung zur Geltendmachung, Aus\u00fcbung oder Verteidigung von Rechtsanspr\u00fcchen oder zum Schutz der Rechte einer anderen nat\u00fcrlichen oder juristischen Person erforderlich ist.<\/p>\n\n\n\n<p>Unsere Datenschutzhinweise k\u00f6nnen ferner weitere Angaben zu der Aufbewahrung und L\u00f6schung von Daten beinhalten, die f\u00fcr die jeweiligen Verarbeitungen vorrangig gelten.<\/p>\n\n\n\n<h2 class=\"wp-block-heading\" id=\"m225\">Bereitstellung des Onlineangebotes und Webhosting<\/h2>\n\n\n\n<p>Wir verarbeiten die Daten der Nutzer, um ihnen unsere Online-Dienste zur Verf\u00fcgung stellen zu k\u00f6nnen. Zu diesem Zweck verarbeiten wir die IP-Adresse des Nutzers, die notwendig ist, um die Inhalte und Funktionen unserer Online-Dienste an den Browser oder das Endger\u00e4t der Nutzer zu \u00fcbermitteln.<\/p>\n\n\n\n<ul>\n<li><strong>Verarbeitete Datenarten:<\/strong> Nutzungsdaten (z.B. besuchte Webseiten, Interesse an Inhalten, Zugriffszeiten); Meta-\/Kommunikationsdaten (z.B. Ger\u00e4te-Informationen, IP-Adressen).<\/li>\n\n\n\n<li><strong>Betroffene Personen:<\/strong> Nutzer (z.B. Webseitenbesucher, Nutzer von Onlinediensten).<\/li>\n\n\n\n<li><strong>Zwecke der Verarbeitung:<\/strong> Bereitstellung unseres Onlineangebotes und Nutzerfreundlichkeit; Informationstechnische Infrastruktur (Betrieb und Bereitstellung von Informationssystemen und technischen Ger\u00e4ten (Computer, Server etc.).); Sicherheitsma\u00dfnahmen.<\/li>\n\n\n\n<li><strong>Rechtsgrundlagen:<\/strong> Berechtigte Interessen (Art. 6 Abs. 1 S. 1 lit. f) DSGVO).<\/li>\n<\/ul>\n\n\n\n<p><strong>Weitere Hinweise zu Verarbeitungsprozessen, Verfahren und Diensten:<\/strong><\/p>\n\n\n\n<ul>\n<li><strong>Bereitstellung Onlineangebot auf gemietetem Speicherplatz: <\/strong>F\u00fcr die Bereitstellung unseres Onlineangebotes nutzen wir Speicherplatz, Rechenkapazit\u00e4t und Software, die wir von einem entsprechenden Serveranbieter (auch &#8222;Webhoster&#8220; genannt) mieten oder anderweitig beziehen; <strong>Rechtsgrundlagen:<\/strong> Berechtigte Interessen (Art. 6 Abs. 1 S. 1 lit. f) DSGVO).<\/li>\n\n\n\n<li><strong>Erhebung von Zugriffsdaten und Logfiles: <\/strong>Der Zugriff auf unser Onlineangebot wird in Form von so genannten &#8222;Server-Logfiles&#8220; protokolliert. Zu den Serverlogfiles k\u00f6nnen die Adresse und Name der abgerufenen Webseiten und Dateien, Datum und Uhrzeit des Abrufs, \u00fcbertragene Datenmengen, Meldung \u00fcber erfolgreichen Abruf, Browsertyp nebst Version, das Betriebssystem des Nutzers, Referrer URL (die zuvor besuchte Seite) und im Regelfall IP-Adressen und der anfragende Provider geh\u00f6ren. Die Serverlogfiles k\u00f6nnen zum einen zu Zwecken der Sicherheit eingesetzt werden, z.B., um eine \u00dcberlastung der Server zu vermeiden (insbesondere im Fall von missbr\u00e4uchlichen Angriffen, sogenannten DDoS-Attacken) und zum anderen, um die Auslastung der Server und ihre Stabilit\u00e4t sicherzustellen; <strong>Rechtsgrundlagen:<\/strong> Berechtigte Interessen (Art. 6 Abs. 1 S. 1 lit. f) DSGVO); <strong>L\u00f6schung von Daten:<\/strong> Logfile-Informationen werden f\u00fcr die Dauer von maximal 30 Tagen gespeichert und danach gel\u00f6scht oder anonymisiert. Daten, deren weitere Aufbewahrung zu Beweiszwecken erforderlich ist, sind bis zur endg\u00fcltigen Kl\u00e4rung des jeweiligen Vorfalls von der L\u00f6schung ausgenommen.<\/li>\n\n\n\n<li><strong>STRATO: <\/strong>Leistungen auf dem Gebiet der Bereitstellung von informationstechnischer Infrastruktur und verbundenen Dienstleistungen (z.B. Speicherplatz und\/oder Rechenkapazit\u00e4ten); <strong>Dienstanbieter:<\/strong> STRATO AG, Pascalstra\u00dfe 10,10587 Berlin, Deutschland; <strong>Rechtsgrundlagen:<\/strong> Berechtigte Interessen (Art. 6 Abs. 1 S. 1 lit. f) DSGVO); <strong>Website:<\/strong> <a href=\"https:\/\/www.strato.de\" target=\"_blank\" rel=\"noreferrer noopener\">https:\/\/www.strato.de<\/a>; <strong>Datenschutzerkl\u00e4rung:<\/strong> <a href=\"https:\/\/www.strato.de\/datenschutz\" target=\"_blank\" rel=\"noreferrer noopener\">https:\/\/www.strato.de\/datenschutz<\/a>; <strong>Auftragsverarbeitungsvertrag:<\/strong> Wird vom Dienstanbieter bereitgestellt.<\/li>\n<\/ul>\n\n\n\n<h2 class=\"wp-block-heading\" id=\"m104\">Blogs und Publikationsmedien<\/h2>\n\n\n\n<p>Wir nutzen Blogs oder vergleichbare Mittel der Onlinekommunikation und Publikation (nachfolgend &#8222;Publikationsmedium&#8220;). Die Daten der Leser werden f\u00fcr die Zwecke des Publikationsmediums nur insoweit verarbeitet, als es f\u00fcr dessen Darstellung und die Kommunikation zwischen Autoren und Lesern oder aus Gr\u00fcnden der Sicherheit erforderlich ist. Im \u00dcbrigen verweisen wir auf die Informationen zur Verarbeitung der Besucher unseres Publikationsmediums im Rahmen dieser Datenschutzhinweise.<\/p>\n\n\n\n<ul>\n<li><strong>Verarbeitete Datenarten:<\/strong> Bestandsdaten (z.B. Namen, Adressen); Kontaktdaten (z.B. E-Mail, Telefonnummern); Inhaltsdaten (z.B. Eingaben in Onlineformularen); Nutzungsdaten (z.B. besuchte Webseiten, Interesse an Inhalten, Zugriffszeiten); Meta-\/Kommunikationsdaten (z.B. Ger\u00e4te-Informationen, IP-Adressen).<\/li>\n\n\n\n<li><strong>Betroffene Personen:<\/strong> Nutzer (z.B. Webseitenbesucher, Nutzer von Onlinediensten).<\/li>\n\n\n\n<li><strong>Zwecke der Verarbeitung:<\/strong> Erbringung vertraglicher Leistungen und Kundenservice; Feedback (z.B. Sammeln von Feedback via Online-Formular); Bereitstellung unseres Onlineangebotes und Nutzerfreundlichkeit; Sicherheitsma\u00dfnahmen.<\/li>\n\n\n\n<li><strong>Rechtsgrundlagen:<\/strong> Berechtigte Interessen (Art. 6 Abs. 1 S. 1 lit. f) DSGVO).<\/li>\n<\/ul>\n\n\n\n<p><strong>Weitere Hinweise zu Verarbeitungsprozessen, Verfahren und Diensten:<\/strong><\/p>\n\n\n\n<ul>\n<li><strong>Abruf von WordPress-Emojis und -Smilies: <\/strong>Abruf von WordPress-Emojis und -Smilies &#8211; Innerhalb unseres WordPress-Blogs werden zu Zwecken der effizienten Einbindung von Inhaltselementen grafische Emojis (bzw. Smilies), d.h., kleine grafische Dateien, die Gef\u00fchle ausdr\u00fccken, eingesetzt, bezogen von externen Servern. Die Anbieter der Server erheben die IP-Adressen der Nutzer. Dies ist notwendig, damit die Emoji-Dateien an die Browser der Nutzer \u00fcbermittelt werden k\u00f6nnen; <strong>Dienstanbieter:<\/strong> Aut O\u2019Mattic A8C Irland Ltd., Grand Canal Dock, 25 Herbert Pl, Dublin, D02 AY86, Irland; <strong>Rechtsgrundlagen:<\/strong> Berechtigte Interessen (Art. 6 Abs. 1 S. 1 lit. f) DSGVO); <strong>Website:<\/strong> <a href=\"https:\/\/automattic.com\" target=\"_blank\" rel=\"noreferrer noopener\">https:\/\/automattic.com<\/a>; <strong>Datenschutzerkl\u00e4rung:<\/strong> <a href=\"https:\/\/automattic.com\/privacy\" target=\"_blank\" rel=\"noreferrer noopener\">https:\/\/automattic.com\/privacy<\/a>.<\/li>\n\n\n\n<li><strong>Akismet Anti-Spam-Pr\u00fcfung: <\/strong>Akismet Anti-Spam-Pr\u00fcfung &#8211; Wir nutzen auf Grundlage unserer berechtigten Interessen den Dienst &#8222;Akismet\u201c. Mit Hilfe von Akismet werden Kommentare echter Menschen von Spam-Kommentaren unterschieden. Dazu werden alle Kommentarangaben an einen Server in den USA verschickt, wo sie analysiert und f\u00fcr Vergleichszwecke vier Tage lang gespeichert werden. Ist ein Kommentar als Spam eingestuft worden, werden die Daten \u00fcber diese Zeit hinaus gespeichert. Zu diesen Angaben geh\u00f6ren der eingegebene Name, die E-Mailadresse, die IP-Adresse, der Kommentarinhalt, der Referrer, Angaben zum verwendeten Browser sowie zum Computersystem und die Zeit des Eintrags. Die Nutzer k\u00f6nnen gerne Pseudonyme nutzen oder auf die Eingabe des Namens oder der Emailadresse verzichten. Sie k\u00f6nnen die \u00dcbertragung der Daten komplett verhindern, indem sie unser Kommentarsystem nicht nutzen. Das w\u00e4re schade, aber leider sehen wir keine Alternativen, die ebenso effektiv funktionieren; <strong>Dienstanbieter:<\/strong> Aut O\u2019Mattic A8C Irland Ltd., Grand Canal Dock, 25 Herbert Pl, Dublin, D02 AY86, Irland; <strong>Rechtsgrundlagen:<\/strong> Berechtigte Interessen (Art. 6 Abs. 1 S. 1 lit. f) DSGVO); <strong>Website:<\/strong> <a href=\"https:\/\/automattic.com\" target=\"_blank\" rel=\"noreferrer noopener\">https:\/\/automattic.com<\/a>; <strong>Datenschutzerkl\u00e4rung:<\/strong> <a href=\"https:\/\/automattic.com\/privacy\" target=\"_blank\" rel=\"noreferrer noopener\">https:\/\/automattic.com\/privacy<\/a>.<\/li>\n<\/ul>\n\n\n\n<h2 class=\"wp-block-heading\" id=\"m182\">Kontakt- und Anfragenverwaltung<\/h2>\n\n\n\n<p>Bei der Kontaktaufnahme mit uns (z.B. per Kontaktformular, E-Mail, Telefon oder via soziale Medien) sowie im Rahmen bestehender Nutzer- und Gesch\u00e4ftsbeziehungen werden die Angaben der anfragenden Personen verarbeitet soweit dies zur Beantwortung der Kontaktanfragen und etwaiger angefragter Ma\u00dfnahmen erforderlich ist.<\/p>\n\n\n\n<ul>\n<li><strong>Verarbeitete Datenarten:<\/strong> Kontaktdaten (z.B. E-Mail, Telefonnummern); Inhaltsdaten (z.B. Eingaben in Onlineformularen); Nutzungsdaten (z.B. besuchte Webseiten, Interesse an Inhalten, Zugriffszeiten); Meta-\/Kommunikationsdaten (z.B. Ger\u00e4te-Informationen, IP-Adressen).<\/li>\n\n\n\n<li><strong>Betroffene Personen:<\/strong> Kommunikationspartner.<\/li>\n\n\n\n<li><strong>Zwecke der Verarbeitung:<\/strong> Kontaktanfragen und Kommunikation; Verwaltung und Beantwortung von Anfragen; Feedback (z.B. Sammeln von Feedback via Online-Formular); Bereitstellung unseres Onlineangebotes und Nutzerfreundlichkeit.<\/li>\n\n\n\n<li><strong>Rechtsgrundlagen:<\/strong> Berechtigte Interessen (Art. 6 Abs. 1 S. 1 lit. f) DSGVO); Vertragserf\u00fcllung und vorvertragliche Anfragen (Art. 6 Abs. 1 S. 1 lit. b) DSGVO).<\/li>\n<\/ul>\n\n\n\n<p><strong>Weitere Hinweise zu Verarbeitungsprozessen, Verfahren und Diensten:<\/strong><\/p>\n\n\n\n<ul>\n<li><strong>Kontaktformular: <\/strong>Wenn Nutzer \u00fcber unser Kontaktformular, E-Mail oder andere Kommunikationswege mit uns in Kontakt treten, verarbeiten wir die uns in diesem Zusammenhang mitgeteilten Daten zur Bearbeitung des mitgeteilten Anliegens; <strong>Rechtsgrundlagen:<\/strong> Vertragserf\u00fcllung und vorvertragliche Anfragen (Art. 6 Abs. 1 S. 1 lit. b) DSGVO), Berechtigte Interessen (Art. 6 Abs. 1 S. 1 lit. f) DSGVO).<\/li>\n<\/ul>\n\n\n\n<h2 class=\"wp-block-heading\" id=\"m328\">Plugins und eingebettete Funktionen sowie Inhalte<\/h2>\n\n\n\n<p>Wir binden in unser Onlineangebot Funktions- und Inhaltselemente ein, die von den Servern ihrer jeweiligen Anbieter (nachfolgend bezeichnet als &#8222;Drittanbieter\u201d) bezogen werden. Dabei kann es sich zum Beispiel um Grafiken, Videos oder Stadtpl\u00e4ne handeln (nachfolgend einheitlich bezeichnet als &#8222;Inhalte\u201d).<\/p>\n\n\n\n<p>Die Einbindung setzt immer voraus, dass die Drittanbieter dieser Inhalte die IP-Adresse der Nutzer verarbeiten, da sie ohne die IP-Adresse die Inhalte nicht an deren Browser senden k\u00f6nnten. Die IP-Adresse ist damit f\u00fcr die Darstellung dieser Inhalte oder Funktionen erforderlich. Wir bem\u00fchen uns, nur solche Inhalte zu verwenden, deren jeweilige Anbieter die IP-Adresse lediglich zur Auslieferung der Inhalte verwenden. Drittanbieter k\u00f6nnen ferner sogenannte Pixel-Tags (unsichtbare Grafiken, auch als &#8222;Web Beacons&#8220; bezeichnet) f\u00fcr statistische oder Marketingzwecke verwenden. Durch die &#8222;Pixel-Tags&#8220; k\u00f6nnen Informationen, wie der Besucherverkehr auf den Seiten dieser Webseite, ausgewertet werden. Die pseudonymen Informationen k\u00f6nnen ferner in Cookies auf dem Ger\u00e4t der Nutzer gespeichert werden und unter anderem technische Informationen zum Browser und zum Betriebssystem, zu verweisenden Webseiten, zur Besuchszeit sowie weitere Angaben zur Nutzung unseres Onlineangebotes enthalten als auch mit solchen Informationen aus anderen Quellen verbunden werden.<\/p>\n\n\n\n<ul>\n<li><strong>Verarbeitete Datenarten:<\/strong> Nutzungsdaten (z.B. besuchte Webseiten, Interesse an Inhalten, Zugriffszeiten); Meta-\/Kommunikationsdaten (z.B. Ger\u00e4te-Informationen, IP-Adressen); Bestandsdaten (z.B. Namen, Adressen); Kontaktdaten (z.B. E-Mail, Telefonnummern); Inhaltsdaten (z.B. Eingaben in Onlineformularen).<\/li>\n\n\n\n<li><strong>Betroffene Personen:<\/strong> Nutzer (z.B. Webseitenbesucher, Nutzer von Onlinediensten).<\/li>\n\n\n\n<li><strong>Zwecke der Verarbeitung:<\/strong> Bereitstellung unseres Onlineangebotes und Nutzerfreundlichkeit.<\/li>\n\n\n\n<li><strong>Rechtsgrundlagen:<\/strong> Berechtigte Interessen (Art. 6 Abs. 1 S. 1 lit. f) DSGVO).<\/li>\n<\/ul>\n\n\n\n<p><strong>Weitere Hinweise zu Verarbeitungsprozessen, Verfahren und Diensten:<\/strong><\/p>\n\n\n\n<ul>\n<li><strong>Google Fonts (Bereitstellung auf eigenem Server): <\/strong>Bereitstellung von Schriftarten-Dateien zwecks einer nutzerfreundlichen Darstellung unseres Onlineangebotes; <strong>Dienstanbieter:<\/strong> Die Google Fonts werden auf unserem Server gehostet, es werden keine Daten an Google \u00fcbermittelt; <strong>Rechtsgrundlagen:<\/strong> Berechtigte Interessen (Art. 6 Abs. 1 S. 1 lit. f) DSGVO).<\/li>\n\n\n\n<li><strong>YouTube-Videos: <\/strong>Videoinhalte; <strong>Dienstanbieter:<\/strong> Google Ireland Limited, Gordon House, Barrow Street, Dublin 4, Irland; <strong>Rechtsgrundlagen:<\/strong> Berechtigte Interessen (Art. 6 Abs. 1 S. 1 lit. f) DSGVO); <strong>Website:<\/strong> <a href=\"https:\/\/www.youtube.com\" target=\"_blank\" rel=\"noreferrer noopener\">https:\/\/www.youtube.com<\/a>; <strong>Datenschutzerkl\u00e4rung:<\/strong> <a href=\"https:\/\/policies.google.com\/privacy\" target=\"_blank\" rel=\"noreferrer noopener\">https:\/\/policies.google.com\/privacy<\/a>; <strong>Widerspruchsm\u00f6glichkeit (Opt-Out):<\/strong> Opt-Out-Plugin: <a href=\"https:\/\/tools.google.com\/dlpage\/gaoptout?hl=de\" target=\"_blank\" rel=\"noreferrer noopener\">https:\/\/tools.google.com\/dlpage\/gaoptout?hl=de<\/a>, Einstellungen f\u00fcr die Darstellung von Werbeeinblendungen: <a href=\"https:\/\/adssettings.google.com\/authenticated\" target=\"_blank\" rel=\"noreferrer noopener\">https:\/\/adssettings.google.com\/authenticated<\/a>.<\/li>\n<\/ul>\n\n\n\n<h2 class=\"wp-block-heading\" id=\"m42\">Begriffsdefinitionen<\/h2>\n\n\n\n<p>In diesem Abschnitt erhalten Sie eine \u00dcbersicht \u00fcber die in dieser Datenschutzerkl\u00e4rung verwendeten Begrifflichkeiten. Viele der Begriffe sind dem Gesetz entnommen und vor allem im Art. 4 DSGVO definiert. Die gesetzlichen Definitionen sind verbindlich. Die nachfolgenden Erl\u00e4uterungen sollen dagegen vor allem dem Verst\u00e4ndnis dienen. Die Begriffe sind alphabetisch sortiert.<\/p>\n\n\n\n<ul>\n<li><strong>Personenbezogene Daten:<\/strong> &#8222;Personenbezogene Daten\u201c sind alle Informationen, die sich auf eine identifizierte oder identifizierbare nat\u00fcrliche Person (im Folgenden &#8222;betroffene Person\u201c) beziehen; als identifizierbar wird eine nat\u00fcrliche Person angesehen, die direkt oder indirekt, insbesondere mittels Zuordnung zu einer Kennung wie einem Namen, zu einer Kennnummer, zu Standortdaten, zu einer Online-Kennung (z.B. Cookie) oder zu einem oder mehreren besonderen Merkmalen identifiziert werden kann, die Ausdruck der physischen, physiologischen, genetischen, psychischen, wirtschaftlichen, kulturellen oder sozialen Identit\u00e4t dieser nat\u00fcrlichen Person sind.<\/li>\n\n\n\n<li><strong>Verantwortlicher:<\/strong> Als &#8222;Verantwortlicher\u201c wird die nat\u00fcrliche oder juristische Person, Beh\u00f6rde, Einrichtung oder andere Stelle, die allein oder gemeinsam mit anderen \u00fcber die Zwecke und Mittel der Verarbeitung von personenbezogenen Daten entscheidet, bezeichnet.<\/li>\n\n\n\n<li><strong>Verarbeitung:<\/strong> &#8222;Verarbeitung&#8220; ist jeder mit oder ohne Hilfe automatisierter Verfahren ausgef\u00fchrte Vorgang oder jede solche Vorgangsreihe im Zusammenhang mit personenbezogenen Daten. Der Begriff reicht weit und umfasst praktisch jeden Umgang mit Daten, sei es das Erheben, das Auswerten, das Speichern, das \u00dcbermitteln oder das L\u00f6schen.<\/li>\n<\/ul>\n\n\n\n<p><a href=\"https:\/\/datenschutz-generator.de\/\" target=\"_blank\" rel=\"noreferrer noopener\">Erstellt mit kostenlosem Datenschutz-Generator.de von Dr. Thomas Schwenke<\/a><\/p>\n","protected":false},"excerpt":{"rendered":"<p>Stand: 23. Dezember 2022 Inhalts\u00fcbersicht Verantwortlicher Ilja RuhlBielefelder Str. 2010709 Berlinilja.ruhl@gemeindepsychiatrie.info Telefon: 030 21 99 60 16 \u00dcbersicht der Verarbeitungen Die nachfolgende \u00dcbersicht fasst die Arten der verarbeiteten Daten und die Zwecke ihrer Verarbeitung zusammen und verweist auf die betroffenen&#8230; <a href=\"https:\/\/gemeindepsychiatrie.info\/?page_id=3\" class=\"readmore\">Read more<span class=\"screen-reader-text\">Datenschutzerkl\u00e4rung<\/span><span class=\"fa fa-angle-double-right\" aria-hidden=\"true\"><\/span><\/a><\/p>\n","protected":false},"author":1,"featured_media":0,"parent":0,"menu_order":5,"comment_status":"closed","ping_status":"closed","template":"","meta":[],"_links":{"self":[{"href":"https:\/\/gemeindepsychiatrie.info\/index.php?rest_route=\/wp\/v2\/pages\/3"}],"collection":[{"href":"https:\/\/gemeindepsychiatrie.info\/index.php?rest_route=\/wp\/v2\/pages"}],"about":[{"href":"https:\/\/gemeindepsychiatrie.info\/index.php?rest_route=\/wp\/v2\/types\/page"}],"author":[{"embeddable":true,"href":"https:\/\/gemeindepsychiatrie.info\/index.php?rest_route=\/wp\/v2\/users\/1"}],"replies":[{"embeddable":true,"href":"https:\/\/gemeindepsychiatrie.info\/index.php?rest_route=%2Fwp%2Fv2%2Fcomments&post=3"}],"version-history":[{"count":1,"href":"https:\/\/gemeindepsychiatrie.info\/index.php?rest_route=\/wp\/v2\/pages\/3\/revisions"}],"predecessor-version":[{"id":35,"href":"https:\/\/gemeindepsychiatrie.info\/index.php?rest_route=\/wp\/v2\/pages\/3\/revisions\/35"}],"wp:attachment":[{"href":"https:\/\/gemeindepsychiatrie.info\/index.php?rest_route=%2Fwp%2Fv2%2Fmedia&parent=3"}],"curies":[{"name":"wp","href":"https:\/\/api.w.org\/{rel}","templated":true}]}}